{"id":870,"date":"2017-06-30T17:00:56","date_gmt":"2017-06-30T15:00:56","guid":{"rendered":"http:\/\/www.suballigators.fr\/?page_id=870"},"modified":"2025-09-26T13:35:07","modified_gmt":"2025-09-26T11:35:07","slug":"inscription","status":"publish","type":"page","link":"http:\/\/www.suballigators.fr\/?page_id=870","title":{"rendered":"Inscriptions \/ Adh\u00e9sions"},"content":{"rendered":"\n<h4 class=\"wp-block-heading\">Vous avez des questions, n&rsquo;h\u00e9sitez pas \u00e0 nous contacter:<\/h4>\n\n\n\n<p>Plong\u00e9e scaphandre, PMT : <strong><a href=\"mailto:suballigatorscaen@gmail.com\">suballigatorscaen@gmail.com<\/a><\/strong><\/p>\n\n\n\n<p>Apn\u00e9e : <strong><a href=\"mailto:suballigatorsapnee@gmail.com\">suballigatorsapnee@gmail.com<\/a><\/strong><\/p>\n\n\n<p><a href=\"http:\/\/www.suballigators.fr\/wp-content\/uploads\/2011\/09\/logo-site-trans.png\"><img loading=\"lazy\" decoding=\"async\" class=\"size-medium wp-image-767 alignright\" src=\"http:\/\/www.suballigators.fr\/wp-content\/uploads\/2011\/09\/logo-site-trans-300x217.png\" alt=\"logo-site-trans\" width=\"300\" height=\"217\" srcset=\"http:\/\/www.suballigators.fr\/wp-content\/uploads\/2011\/09\/logo-site-trans-300x217.png 300w, http:\/\/www.suballigators.fr\/wp-content\/uploads\/2011\/09\/logo-site-trans-150x109.png 150w, http:\/\/www.suballigators.fr\/wp-content\/uploads\/2011\/09\/logo-site-trans-768x556.png 768w, http:\/\/www.suballigators.fr\/wp-content\/uploads\/2011\/09\/logo-site-trans.png 800w\" sizes=\"auto, (max-width: 300px) 100vw, 300px\" \/><\/a><\/p>\n<p>.<\/p>\n<p><strong>Vous souhaitez vous inscrire au club pour passer un niveau, faire de la nage, de l&rsquo;apn\u00e9e ?<\/strong><\/p>\n<ul>\n<li>Vous devez donc imprimer et renseigner la fiche d&rsquo;adh\u00e9sion au club : \u2192 <a href=\"http:\/\/www.suballigators.fr\/wp-content\/uploads\/2025\/09\/fiche-inscription-2025-2026.pdf\" target=\"_blank\" rel=\"noopener\">Fiche Inscription<\/a> \u2190<\/li>\n<li>Puis faire compl\u00e9ter le certificat m\u00e9dical de non contre indication de la FFESSM par votre m\u00e9decin : \u2192<a href=\"http:\/\/www.suballigators.fr\/wp-content\/uploads\/2025\/09\/caci-2025.pdf\"> Certificat Medical<\/a> \u2190 accompagn\u00e9s d&rsquo;un questionnaire \u00e0 remplir et de la listes des contre-indications. <strong>Voir ci-dessous<\/strong><\/li>\n<li><a href=\"http:\/\/www.suballigators.fr\/wp-content\/uploads\/2025\/09\/questionnaire-medical.pdf\">Questionnaire m\u00e9dical \u00e0 remplir et \u00e0 remettre au m\u00e9decin<\/a><\/li>\n<li><a href=\"http:\/\/www.suballigators.fr\/wp-content\/uploads\/2025\/07\/contre-indication-plongee-bouteille-2025.pdf\">Liste des contre-indications \u00e0 la plong\u00e9e en scaphandre<\/a><\/li>\n<li><a href=\"http:\/\/www.suballigators.fr\/wp-content\/uploads\/2025\/07\/contre-indication-apnee-2025.pdf\">Liste des contre indications \u00e0 l&rsquo;apn\u00e9e<\/a><\/li>\n<li><a href=\"http:\/\/www.suballigators.fr\/wp-content\/uploads\/2025\/07\/Medecin-federaux-CACI-Normandie-2025.pdf\">Liste des m\u00e9decins f\u00e9d\u00e9raux en Normandie<\/a><\/li>\n<\/ul>\n<p><strong>Pi\u00e8ces \u00e0 joindre lors de votre inscription :<\/strong><\/p>\n<ol>\n<li>La \u2192 <a href=\"http:\/\/www.suballigators.fr\/wp-content\/uploads\/2025\/09\/fiche-inscription-2025-2026.pdf\">fiche d&rsquo;inscription<\/a> \u2190 compl\u00e9t\u00e9e<\/li>\n<li>Le \u2192 <a href=\"http:\/\/www.suballigators.fr\/wp-content\/uploads\/2024\/09\/caci-questionnaire-2023.pdf\" target=\"_blank\" rel=\"noopener noreferrer\">certificat m\u00e9dical \u2190<\/a> datant de moins de 3 mois r\u00e9dig\u00e9 sur le formulaire FFESSM, sans le questionnaire. <span style=\"color: #ff0000;\"><strong>Pensez \u00e0 en conserver une copie<\/strong>.<\/span><\/li>\n<li>1 \u00e0 3 ch\u00e8ques repr\u00e9sentant le montant total de votre inscription au club (possibilit\u00e9 de paiement en 3 fois sur les mois de septembre, octobre et novembre ou deux fois sur octobre et novembre),<\/li>\n<li>Un ch\u00e8que de caution de 1000 \u20ac, si pr\u00eat de mat\u00e9riel Club. Le ch\u00e8que n&rsquo;est pas encaiss\u00e9 et rendu en fin de saison lors de la restitution du mat\u00e9riel.<\/li>\n<li>Assurance<strong> optionnelle<\/strong> : l\u2019assurance comprise avec la licence FFESSM est une responsabilit\u00e9 civile uniquement. <strong>Elle ne garantit pas pour les dommages personnel<\/strong>s. Chaque adh\u00e9rent peut souscrire une assurance individuelle accident en option et en suppl\u00e9ment aupr\u00e8s de son assureur ou de l&rsquo;assureur de la F\u00e9d\u00e9ration. Voir <a href=\"https:\/\/ffessm.lafont-assurances.com\/\" target=\"_blank\" rel=\"noopener\">https:\/\/ffessm.lafont-assurances.com\/<\/a><\/li>\n<li><strong>Note \u00e0 consulter sur l&rsquo;assurance individuelle accidents<\/strong>. <a href=\"http:\/\/www.suballigators.fr\/wp-content\/uploads\/2025\/09\/NOTICE-DINFORMATION-Licencies-moniteurs-2025-2026.pdf\">Note d&rsquo;Information sur l&rsquo;assurance individuelle<\/a><\/li>\n<li>Envoyez le tout \u00e0 <strong>Club Sub&rsquo;Alligators,<\/strong> <strong>Maison des Associations, 8 rue Germaine Tillon, 14000 CAEN ou venez nous le donner au stade nautique E. Ma\u00ebs de Caen, <span style=\"color: #ff0000;\"><span style=\"text-decoration: underline;\">\u00e0 partir <\/span><\/span><\/strong><strong><span style=\"color: #ff0000;\"><span style=\"text-decoration: underline;\">du mardi 9 septembre 2025 \u00e0 19h30 pour l&rsquo;apn\u00e9e et du <\/span><span style=\"text-decoration: underline;\">mercredi 10 septembre 2025 de 20:30 \u00e0 20:50 pour la plong\u00e9e scaphandre ou la nage avec palmes. <\/span><\/span><\/strong><\/li>\n<\/ol>\n<p><strong>Un dossier incomplet ne pourra \u00eatre accept\u00e9!<\/strong><\/p>\n<hr \/>\n<p>\u00a0<\/p>\n<p>\u00a0<\/p>\n\n\n<p><\/p>\n","protected":false},"excerpt":{"rendered":"<p>Vous avez des questions, n&rsquo;h\u00e9sitez pas \u00e0 nous contacter: Plong\u00e9e scaphandre, PMT : suballigatorscaen@gmail.com Apn\u00e9e : suballigatorsapnee@gmail.com . Vous souhaitez vous inscrire au club pour passer un niveau, faire de la nage, de l&rsquo;apn\u00e9e ? Vous devez donc imprimer et renseigner la fiche d&rsquo;adh\u00e9sion au club : \u2192 Fiche Inscription \u2190 Puis faire compl\u00e9ter le [&hellip;]<\/p>\n","protected":false},"author":8,"featured_media":0,"parent":0,"menu_order":0,"comment_status":"closed","ping_status":"closed","template":"","meta":{"footnotes":""},"class_list":["post-870","page","type-page","status-publish","hentry"],"_links":{"self":[{"href":"http:\/\/www.suballigators.fr\/index.php?rest_route=\/wp\/v2\/pages\/870","targetHints":{"allow":["GET"]}}],"collection":[{"href":"http:\/\/www.suballigators.fr\/index.php?rest_route=\/wp\/v2\/pages"}],"about":[{"href":"http:\/\/www.suballigators.fr\/index.php?rest_route=\/wp\/v2\/types\/page"}],"author":[{"embeddable":true,"href":"http:\/\/www.suballigators.fr\/index.php?rest_route=\/wp\/v2\/users\/8"}],"replies":[{"embeddable":true,"href":"http:\/\/www.suballigators.fr\/index.php?rest_route=%2Fwp%2Fv2%2Fcomments&post=870"}],"version-history":[{"count":76,"href":"http:\/\/www.suballigators.fr\/index.php?rest_route=\/wp\/v2\/pages\/870\/revisions"}],"predecessor-version":[{"id":2522,"href":"http:\/\/www.suballigators.fr\/index.php?rest_route=\/wp\/v2\/pages\/870\/revisions\/2522"}],"wp:attachment":[{"href":"http:\/\/www.suballigators.fr\/index.php?rest_route=%2Fwp%2Fv2%2Fmedia&parent=870"}],"curies":[{"name":"wp","href":"https:\/\/api.w.org\/{rel}","templated":true}]}}