{"id":5,"date":"2011-08-25T12:18:53","date_gmt":"2011-08-25T10:18:53","guid":{"rendered":"http:\/\/www.sheldon.fr\/wordpress\/?page_id=5"},"modified":"2025-09-18T08:37:44","modified_gmt":"2025-09-18T06:37:44","slug":"contacts","status":"publish","type":"page","link":"http:\/\/www.suballigators.fr\/?page_id=5","title":{"rendered":"Nous contacter"},"content":{"rendered":"<p>Pour nous contacter, envoyez votre mail aux adresses \u00a0suivantes : <a href=\"mailto:suballigatorscaen@gmail.com\"><strong>suballigatorscaen@gmail.com<\/strong><\/a> pour la plong\u00e9e en scaphandre et la nage avec palmes<\/p>\n<p><span style=\"font-size: revert;\"><a href=\"mailto:suballigatorsapnee@gmail.com\">suballigatorsapnee@gmail.com<\/a> pour l\u2019apn\u00e9e.<\/span><\/p>\n<p>Vous pouvez aussi venir nous rencontrer <span style=\"text-decoration: underline;\">le mardi soir de 19h30 \u00e0 19h45 pour l&rsquo;apn\u00e9e et le mercredi soir de 20h30 \u00e0 20h50 pour la plong\u00e9e scaphandre ou la nage PMT, dans le hall du stade nautique E. Ma\u00ebs, Boulevard Yves Guillou \u00e0 Caen.<\/span><\/p>\n<p><span style=\"text-decoration: underline;\">Pour information :<\/span><\/p>\n<p>Nos formations sont dispens\u00e9es sur une saison sportive, de octobre \u00e0 mai. Nous ne faisons donc pas de formation sur quelques jours.<\/p>\n<p>Les tarifs des formations et adh\u00e9sion au club sont sur la <a href=\"http:\/\/www.suballigators.fr\/?page_id=870\">fiche d&rsquo;inscription<\/a> disponible sur ce site.<\/p>\n<p>Nos sorties plong\u00e9es sont r\u00e9serv\u00e9es \u00e0 nos adh\u00e9rents.<\/p>\n\n\n<p><\/p>\n","protected":false},"excerpt":{"rendered":"<p>Pour nous contacter, envoyez votre mail aux adresses \u00a0suivantes : suballigatorscaen@gmail.com pour la plong\u00e9e en scaphandre et la nage avec palmes suballigatorsapnee@gmail.com pour l\u2019apn\u00e9e. Vous pouvez aussi venir nous rencontrer le mardi soir de 19h30 \u00e0 19h45 pour l&rsquo;apn\u00e9e et le mercredi soir de 20h30 \u00e0 20h50 pour la plong\u00e9e scaphandre ou la nage PMT, [&hellip;]<\/p>\n","protected":false},"author":4,"featured_media":0,"parent":0,"menu_order":20,"comment_status":"closed","ping_status":"closed","template":"","meta":{"footnotes":""},"class_list":["post-5","page","type-page","status-publish","hentry"],"_links":{"self":[{"href":"http:\/\/www.suballigators.fr\/index.php?rest_route=\/wp\/v2\/pages\/5","targetHints":{"allow":["GET"]}}],"collection":[{"href":"http:\/\/www.suballigators.fr\/index.php?rest_route=\/wp\/v2\/pages"}],"about":[{"href":"http:\/\/www.suballigators.fr\/index.php?rest_route=\/wp\/v2\/types\/page"}],"author":[{"embeddable":true,"href":"http:\/\/www.suballigators.fr\/index.php?rest_route=\/wp\/v2\/users\/4"}],"replies":[{"embeddable":true,"href":"http:\/\/www.suballigators.fr\/index.php?rest_route=%2Fwp%2Fv2%2Fcomments&post=5"}],"version-history":[{"count":28,"href":"http:\/\/www.suballigators.fr\/index.php?rest_route=\/wp\/v2\/pages\/5\/revisions"}],"predecessor-version":[{"id":2501,"href":"http:\/\/www.suballigators.fr\/index.php?rest_route=\/wp\/v2\/pages\/5\/revisions\/2501"}],"wp:attachment":[{"href":"http:\/\/www.suballigators.fr\/index.php?rest_route=%2Fwp%2Fv2%2Fmedia&parent=5"}],"curies":[{"name":"wp","href":"https:\/\/api.w.org\/{rel}","templated":true}]}}