{"id":2288,"date":"2024-06-16T20:13:11","date_gmt":"2024-06-16T18:13:11","guid":{"rendered":"http:\/\/www.suballigators.fr\/?page_id=2288"},"modified":"2025-07-15T10:14:28","modified_gmt":"2025-07-15T08:14:28","slug":"tarifs-saison-2024-2025","status":"publish","type":"page","link":"http:\/\/www.suballigators.fr\/?page_id=2288","title":{"rendered":"Tarifs saison 2025\/2026- Assurances"},"content":{"rendered":"\n<p><strong>Adh\u00e9sion au club<\/strong><\/p>\n\n\n\n<ul class=\"wp-block-list\">\n<li>Nage avec palmes, apn\u00e9e, encadrant &#8211; acc\u00e8s aux bassins + licence FFESSM comprise&#8230;&#8230;&#8230;&#8230;&#8230;&#8230;&#8230;&#8230;&#8230;&#8230;&#8230;&#8230;&#8230;&#8230;&#8230;&#8230;&#8230;&#8230;&#8230;&#8230;&#8230;&#8230;&#8230;&#8230;&#8230;&#8230;&#8230;&#8230;&#8230;&#8230;&#8230;&#8230;&#8230;<strong>150 \u20ac<\/strong><\/li>\n<\/ul>\n\n\n\n<p><em>(Dont <\/em><em>Licence FFESSM\u2026\u2026..48,50 \u20ac)<\/em><\/p>\n\n\n\n<p><strong>Formation Plong\u00e9e Scaphandre \u2013 <u>Adh\u00e9sion au club + licence FFESSM compris<\/u><\/strong><\/p>\n\n\n\n<div class=\"wp-block-columns is-layout-flex wp-container-core-columns-is-layout-9d6595d7 wp-block-columns-is-layout-flex\">\n<div class=\"wp-block-column is-layout-flow wp-block-column-is-layout-flow\" style=\"flex-basis:100%\">\n<ul class=\"wp-block-list\">\n<li>Niveau 1 &#8211; avec pr\u00eat de mat\u00e9riel et plong\u00e9e \u00ab premi\u00e8res bulles \u00bb comprise&#8230;&#8230;&#8230;&#8230;&#8230;&#8230;&#8230;&#8230;&#8230;&#8230;&#8230;&#8230;&#8230;&#8230;&#8230;&#8230;&#8230;&#8230;&#8230;&#8230;&#8230;&#8230;&#8230;&#8230;&#8230;&#8230;&#8230;&#8230;&#8230;.<strong>.          210 \u20ac<\/strong><\/li>\n\n\n\n<li>Niveau 2 &#8211; avec pr\u00eat de mat\u00e9riel &#8230;&#8230;&#8230;&#8230;&#8230;&#8230;&#8230;&#8230;&#8230;&#8230;&#8230;&#8230;&#8230;&#8230;&#8230;&#8230;&#8230;..<strong>.220 \u20ac<\/strong><\/li>\n\n\n\n<li>Niveau 2 &#8211; sans pr\u00eat de mat\u00e9riel &#8230;&#8230;&#8230;&#8230;&#8230;&#8230;&#8230;&#8230;&#8230;&#8230;&#8230;&#8230;&#8230;&#8230;&#8230;&#8230;&#8230;&#8230;.<strong>190 \u20ac<\/strong><\/li>\n<\/ul>\n<\/div>\n<\/div>\n\n\n\n<p>(+10 \u20ac pour chaque mat\u00e9riel pr\u00eat\u00e9)<\/p>\n\n\n\n<p><strong>R\u00e9duction pour une adh\u00e9sion et\/ou une formation <\/strong>2<sup>\u00e8me<\/sup> personne d\u2019une m\u00eame famille&#8230;&#8230;&#8230;&#8230;&#8230;&#8230;&#8230;&#8230;&#8230;&#8230;&#8230;&#8230;&#8230;&#8230;&#8230;&#8230;&#8230;&#8230;&#8230;&#8230;&#8230;&#8230;&#8230;&#8230;&#8230;&#8230;&#8230;&#8230;&#8230;&#8230;&#8230;&#8230;&#8230;&#8230;&#8230;&#8230;&#8230;&#8230;&#8230;<strong>&#8211; 15 \u20ac<\/strong><\/p>\n\n\n\n<p><strong>Assurance FFESSM <u>optionnelle<\/u><\/strong><\/p>\n\n\n\n<p><em>L\u2019assurance comprise avec la licence FFESSM est une assurance de responsabilit\u00e9 civile uniquement, qui couvre seulement votre responsabilit\u00e9 \u00e0 l&rsquo;\u00e9gard des tiers. Elle ne vous assure pas pour les dommages personnels corporels ou mat\u00e9riels que vous pouvez subir en cas d&rsquo;accident. Chaque adh\u00e9rent peut donc  souscrire une assurance individuelle accident en option et en suppl\u00e9ment. <\/em><\/p>\n\n\n\n<p><em>Voir <\/em><a href=\"http:\/\/www.ffessm.fr\/assurances_plongee.asp\"><em>http:\/\/www.ffessm.fr\/assurances_plongee.asp<\/em><\/a><\/p>\n\n\n\n<p><strong>Tarifs 2025\/2026<\/strong><\/p>\n\n\n\n<p>Garantie loisir 1\u2026\u2026\u2026\u2026\u2026\u2026\u2026\u2026\u2026\u2026\u2026\u2026\u2026\u2026\u2026\u2026\u2026\u2026\u2026\u2026\u2026\u2026\u2026\u2026\u2026\u2026\u2026+<strong>24,20 \u20ac<\/strong><\/p>\n\n\n\n<p>Garantie loisir \u2026\u2026\u2026\u2026\u2026\u2026\u2026\u2026\u2026\u2026\u2026\u2026\u2026\u2026\u2026\u2026\u2026\u2026\u2026\u2026\u2026\u2026\u2026\u2026\u2026\u2026\u2026\u2026..<strong>+ 28,85&nbsp;\u20ac<\/strong><\/p>\n\n\n\n<p>Garantie loisir 3\u2026\u2026\u2026\u2026\u2026\u2026\u2026\u2026\u2026\u2026\u2026\u2026\u2026\u2026\u2026\u2026\u2026\u2026\u2026\u2026\u2026\u2026\u2026\u2026\u2026\u2026\u2026&#8230;.<strong>+ 49,45 \u20ac<\/strong><\/p>\n\n\n\n<p>Piscine (int\u00e9grant les comp\u00e9titions en piscine)&#8230;&#8230;&#8230;&#8230;&#8230;&#8230;&#8230;&#8230;&#8230;&#8230;&#8230;..<strong>+13.40 \u20ac<\/strong><\/p>\n\n\n\n<p><\/p>\n\n\n\n<ul class=\"wp-block-list\">\n<li>Pour une description de la garantie souscrite avec la licence qui a seulement pour objet de garantir <em>\u00ab\u00a0les cons\u00e9quences p\u00e9cuniaires de la responsabilit\u00e9 civile pouvant incomber \u00e0 l\u2019Assur\u00e9 en raison des dommages corporels, mat\u00e9riels et immat\u00e9riels cons\u00e9cutifs survenus du fait de l\u2019exercice des activit\u00e9s physiques et sportives pratiqu\u00e9es dans l\u2019\u00e9tablissement assur\u00e9, et  permet \u00e0 l\u2019assur\u00e9 de satisfaire \u00e0 l\u2019obligation d\u2019assurance r\u00e9sultant des dispositions des articles L321-1 et suivants et D321-1 et suivants du Code du Sport.\u00a0\u00bb<\/em><\/li>\n<\/ul>\n\n\n\n<p><a href=\"http:\/\/www.suballigators.fr\/wp-content\/uploads\/2025\/07\/NOTICE-RESPONSABILITE-CIVILE-FFESSM-LICENCIES-ET-MONITEURS.pdf\" target=\"_blank\" rel=\"noreferrer noopener\">Notice RC obligatoire 2024\/2025<\/a><\/p>\n\n\n\n<ul class=\"wp-block-list\">\n<li>Pour une description des garanties optionnelles garantissant les dommages subis par l&rsquo;assur\u00e9 lui-m\u00eame, en fonction de l&rsquo;option choisie, consultez la notice d&rsquo;information 2024\/2025 :<\/li>\n<\/ul>\n\n\n\n<p><\/p>\n\n\n\n<p><a href=\"http:\/\/www.suballigators.fr\/wp-content\/uploads\/2025\/07\/NOTICE-DINFORMATION-INDIVIDUELLE-ACCIDENT-ET-ASSISTANCE-LICENCIES-ET-MONITEURS-2024-2025.pdf\" target=\"_blank\" rel=\"noreferrer noopener\">Notice assurance individuelle accidente 2024\/2025<\/a><\/p>\n\n\n\n<p><\/p>\n","protected":false},"excerpt":{"rendered":"<p>Adh\u00e9sion au club (Dont Licence FFESSM\u2026\u2026..48,50 \u20ac) Formation Plong\u00e9e Scaphandre \u2013 Adh\u00e9sion au club + licence FFESSM compris (+10 \u20ac pour chaque mat\u00e9riel pr\u00eat\u00e9) R\u00e9duction pour une adh\u00e9sion et\/ou une formation 2\u00e8me personne d\u2019une m\u00eame famille&#8230;&#8230;&#8230;&#8230;&#8230;&#8230;&#8230;&#8230;&#8230;&#8230;&#8230;&#8230;&#8230;&#8230;&#8230;&#8230;&#8230;&#8230;&#8230;&#8230;&#8230;&#8230;&#8230;&#8230;&#8230;&#8230;&#8230;&#8230;&#8230;&#8230;&#8230;&#8230;&#8230;&#8230;&#8230;&#8230;&#8230;&#8230;&#8230;&#8211; 15 \u20ac Assurance FFESSM optionnelle L\u2019assurance comprise avec la licence FFESSM est une assurance de responsabilit\u00e9 civile uniquement, qui [&hellip;]<\/p>\n","protected":false},"author":8,"featured_media":0,"parent":0,"menu_order":0,"comment_status":"closed","ping_status":"closed","template":"","meta":{"footnotes":""},"class_list":["post-2288","page","type-page","status-publish","hentry"],"_links":{"self":[{"href":"http:\/\/www.suballigators.fr\/index.php?rest_route=\/wp\/v2\/pages\/2288","targetHints":{"allow":["GET"]}}],"collection":[{"href":"http:\/\/www.suballigators.fr\/index.php?rest_route=\/wp\/v2\/pages"}],"about":[{"href":"http:\/\/www.suballigators.fr\/index.php?rest_route=\/wp\/v2\/types\/page"}],"author":[{"embeddable":true,"href":"http:\/\/www.suballigators.fr\/index.php?rest_route=\/wp\/v2\/users\/8"}],"replies":[{"embeddable":true,"href":"http:\/\/www.suballigators.fr\/index.php?rest_route=%2Fwp%2Fv2%2Fcomments&post=2288"}],"version-history":[{"count":15,"href":"http:\/\/www.suballigators.fr\/index.php?rest_route=\/wp\/v2\/pages\/2288\/revisions"}],"predecessor-version":[{"id":2401,"href":"http:\/\/www.suballigators.fr\/index.php?rest_route=\/wp\/v2\/pages\/2288\/revisions\/2401"}],"wp:attachment":[{"href":"http:\/\/www.suballigators.fr\/index.php?rest_route=%2Fwp%2Fv2%2Fmedia&parent=2288"}],"curies":[{"name":"wp","href":"https:\/\/api.w.org\/{rel}","templated":true}]}}