{"id":2,"date":"2011-08-25T12:12:02","date_gmt":"2011-08-25T10:12:02","guid":{"rendered":"http:\/\/www.sheldon.fr\/wordpress\/?page_id=2"},"modified":"2025-07-15T17:34:08","modified_gmt":"2025-07-15T15:34:08","slug":"formations-tarifs","status":"publish","type":"page","link":"http:\/\/www.suballigators.fr\/?page_id=2","title":{"rendered":"Formations et activit\u00e9s"},"content":{"rendered":"<p><strong>Horaires d\u2019entra\u00eenement et des formations en Piscine<\/strong> :<\/p>\n<ul>\n<li>Lundi<span style=\"font-size: revert; color: initial;\"> de 20h45 \u00e0 22h \u00e0 la piscine de la Gr\u00e2ce de Dieu de Caen, et le Mercredi de 21h00 \u00e0 22h00\u00a0 <strong>groupe\u00a0 formation\u00a0 N1 plong\u00e9e scaphandre<\/strong>.<\/span><\/li>\n<li>Lundi de 20h00 \u00e0 22h au stade nautique Eug\u00e8ne Ma\u00ebs (bassin 25m), <strong>Apn\u00e9e<\/strong><\/li>\n<li>Lundi<span style=\"font-size: revert; color: initial;\"> de 20h45 \u00e0 22h Piscine de la Gr\u00e2ce de Dieu de Caen , <strong>nage PMT tous niveaux.<\/strong>(bassin 25 m)<\/span><\/li>\n<li>Mardi\u00a0 de 20h00 \u00e0 22h au stade nautique Eug\u00e8ne Ma\u00ebs (bassin 50 m et fosse), <strong>Apn\u00e9e<\/strong>.\u00a0<\/li>\n<li>Mercredi de 20h45 \u00e0 22h au stade nautique Eug\u00e8ne Ma\u00ebs (bassin 50m et fosse) <strong>Nage PMT tous niveaux,\u00a0 Apn\u00e9e.<\/strong><\/li>\n<\/ul>\n<p style=\"text-align: center;\">* PMT :\u00a0 Palmes Masque Tuba<\/p>\n<p><strong>Activit\u00e9s propos\u00e9es<\/strong><\/p>\n<ul>\n<li><strong>Formation Plong\u00e9e<\/strong>\n<ul>\n<li><strong>Bapt\u00eames<\/strong><br \/>Nous organisons des bapt\u00eames en piscine en d\u00e9but de saison (septembre).<br \/>C&rsquo;est gratuit&#8230; Pensez a prendre un maillot de bain et une serviette !!!!!!!<br \/><br \/><\/li>\n<li><strong>Plongeur Niveau 1<\/strong> (plongeur encadr\u00e9 jusqu&rsquo;\u00e0 20 m.)<br \/>Formation pratique en piscine, fosse. Une sortie en mer \u00ab\u00a0Premi\u00e8res bulles\u00a0\u00bb.<br \/>Nage palm\u00e9e et petite apn\u00e9e.<br \/>Quelques s\u00e9ances de th\u00e9orie<br \/><br \/><\/li>\n<li><strong>Plongeur Niveau 2<\/strong> (plongeur autonome \u00e0 20 m., plongeur encadr\u00e9 \u00e0 40 m.)<br \/>Formation ouverte aux plongeurs Niveau 1 confirm\u00e9s (10 plong\u00e9es minimum).<br \/>Formation technique en piscine, fosse et en mer.<br \/>Nage palm\u00e9e et petite apn\u00e9e.<br \/>10 cours de th\u00e9orie<br \/><br \/><\/li>\n<li><strong>Autres niveaux<\/strong> (Niveau 3 et Niveau 4-Guide de Palanqu\u00e9e), le club s&rsquo;appuie sur les formations du <a href=\"http:\/\/www.ffessm-codep14.fr\/\">Comit\u00e9 D\u00e9partemental du Calvados<\/a>.<\/li>\n<\/ul>\n<\/li>\n<\/ul>\n<ul>\n<li><strong>Apn\u00e9e<\/strong>\n<ul>\n<li>Pass&rsquo;Apn\u00e9iste &#8211; Formation jusqu&rsquo;au statique 1mn et 25 m dynamique PMT<\/li>\n<li>Apn\u00e9iste &#8211; Formation jusqu&rsquo;au statique 2mn et 50 m dynamique PMT<\/li>\n<li>Apn\u00e9iste confirm\u00e9 &#8211; Formation jusqu&rsquo;au statique 3mn et 75 m dynamique PMT<\/li>\n<\/ul>\n<\/li>\n<\/ul>\n<ul>\n<li><strong>Nage avec palmes<\/strong><\/li>\n<\/ul>\n<ul>\n<li><strong>Sorties club<\/strong> (week-end ou semaine, france et \u00e9tranger)<\/li>\n<\/ul>\n<p><strong>Partenariats<\/strong><\/p>\n<p>Le club a sign\u00e9 une convention avec le clubs <a href=\"http:\/\/asnelles-plongee-leo-lagrange.com\/\" target=\"_blank\" rel=\"noopener noreferrer\">L\u00e9o-Lagranges <\/a>d&rsquo;Asnelles pour les sorties en mer.<\/p>\n<hr \/>\n<p><strong>L\u00e9gislation des niveaux de plong\u00e9e :<\/strong><\/p>\n<table width=\"100%\" cellspacing=\"0\" cellpadding=\"4\"><colgroup> <col width=\"85*\" \/> <col width=\"85*\" \/> <col width=\"85*\" \/> <\/colgroup>\n<tbody>\n<tr valign=\"TOP\">\n<th width=\"33%\">Niveau<\/th>\n<th width=\"33%\">Profondeur avec<br \/>encadrement<\/th>\n<th width=\"33%\">Profondeur en<br \/>autonomie<\/th>\n<\/tr>\n<tr valign=\"TOP\">\n<td style=\"text-align: center;\" width=\"33%\">N0 (bapt\u00eame)<\/td>\n<td style=\"text-align: center;\" width=\"33%\">6m<\/td>\n<td style=\"text-align: center;\" width=\"33%\">0m<\/td>\n<\/tr>\n<tr valign=\"TOP\">\n<td style=\"text-align: center;\" width=\"33%\">Niveau 1<\/td>\n<td style=\"text-align: center;\" width=\"33%\">20m<\/td>\n<td style=\"text-align: center;\" width=\"33%\">12m (avec formation compl\u00e9mentaire PA12)<\/td>\n<\/tr>\n<tr valign=\"TOP\">\n<td style=\"text-align: center;\" width=\"33%\">Niveau 2<\/td>\n<td style=\"text-align: center;\" width=\"33%\">40m<\/td>\n<td style=\"text-align: center;\" width=\"33%\">20m<\/td>\n<\/tr>\n<tr valign=\"TOP\">\n<td style=\"text-align: center;\" width=\"33%\">Niveau 3<\/td>\n<td style=\"text-align: center;\" width=\"33%\">60m<\/td>\n<td style=\"text-align: center;\" width=\"33%\">60m<\/td>\n<\/tr>\n<tr valign=\"TOP\">\n<td style=\"text-align: center;\" width=\"33%\">N4 ou Guide de palanqu\u00e9e<\/td>\n<td style=\"text-align: center;\" width=\"33%\">60m<\/td>\n<td style=\"text-align: center;\" width=\"33%\">60m<\/td>\n<\/tr>\n<\/tbody>\n<\/table>\n<p>NB : Une plong\u00e9e en autonomie ne signifie pas plonger seul mais faire une plong\u00e9e sans guide de palanqu\u00e9e.<\/p>\n\n\n<p><\/p>\n","protected":false},"excerpt":{"rendered":"<p>Horaires d\u2019entra\u00eenement et des formations en Piscine : Lundi de 20h45 \u00e0 22h \u00e0 la piscine de la Gr\u00e2ce de Dieu de Caen, et le Mercredi de 21h00 \u00e0 22h00\u00a0 groupe\u00a0 formation\u00a0 N1 plong\u00e9e scaphandre. Lundi de 20h00 \u00e0 22h au stade nautique Eug\u00e8ne Ma\u00ebs (bassin 25m), Apn\u00e9e Lundi de 20h45 \u00e0 22h Piscine de [&hellip;]<\/p>\n","protected":false},"author":4,"featured_media":0,"parent":0,"menu_order":10,"comment_status":"closed","ping_status":"closed","template":"","meta":{"footnotes":""},"class_list":["post-2","page","type-page","status-publish","hentry"],"_links":{"self":[{"href":"http:\/\/www.suballigators.fr\/index.php?rest_route=\/wp\/v2\/pages\/2","targetHints":{"allow":["GET"]}}],"collection":[{"href":"http:\/\/www.suballigators.fr\/index.php?rest_route=\/wp\/v2\/pages"}],"about":[{"href":"http:\/\/www.suballigators.fr\/index.php?rest_route=\/wp\/v2\/types\/page"}],"author":[{"embeddable":true,"href":"http:\/\/www.suballigators.fr\/index.php?rest_route=\/wp\/v2\/users\/4"}],"replies":[{"embeddable":true,"href":"http:\/\/www.suballigators.fr\/index.php?rest_route=%2Fwp%2Fv2%2Fcomments&post=2"}],"version-history":[{"count":75,"href":"http:\/\/www.suballigators.fr\/index.php?rest_route=\/wp\/v2\/pages\/2\/revisions"}],"predecessor-version":[{"id":2415,"href":"http:\/\/www.suballigators.fr\/index.php?rest_route=\/wp\/v2\/pages\/2\/revisions\/2415"}],"wp:attachment":[{"href":"http:\/\/www.suballigators.fr\/index.php?rest_route=%2Fwp%2Fv2%2Fmedia&parent=2"}],"curies":[{"name":"wp","href":"https:\/\/api.w.org\/{rel}","templated":true}]}}