{"id":1571,"date":"2018-09-25T00:15:40","date_gmt":"2018-09-24T22:15:40","guid":{"rendered":"http:\/\/www.suballigators.fr\/?page_id=1571"},"modified":"2025-08-29T15:41:57","modified_gmt":"2025-08-29T13:41:57","slug":"apnee","status":"publish","type":"page","link":"http:\/\/www.suballigators.fr\/?page_id=1571","title":{"rendered":"Apn\u00e9e"},"content":{"rendered":"<h3>\u00a0<\/h3>\n<h3><span style=\"color: #0000ff;\">La section apn\u00e9e vous accueille tous les Mardis \u00e0 partir du 9 septembre 2025 au stade nautique Eug\u00e8ne Ma\u00ebs de Caen de 20h \u00e0 22h.<\/span><\/h3>\n<p><strong><span style=\"color: #0000ff;\">S\u00e9ances d&rsquo;initiation apn\u00e9e les 16 et 23 septembre. Inscription, voir page d&rsquo;accueil.\u00a0<\/span><\/strong><\/p>\n<p><strong>Responsables de formation : Martial, Ronan, Nassim, Bruno.<\/strong><\/p>\n\n\n<h4 class=\"wp-block-heading\">La formation Apn\u00e9e commence mi-septembre. Si vous \u00eates int\u00e9ress\u00e9, vous pouvez venir nous rencontrer les mardis au stade nautique E. Ma\u00ebs de Caen \u00e0 19h30, nous r\u00e9pondrons \u00e0 toutes vos questions. (Envoyez-nous un mail avant)<\/h4>\n\n\n\n<ul class=\"wp-block-list\">\n<li><strong>Apn\u00e9e tous niveaux le mardi soir de 20h00 \u00e0 22h00 <\/strong>au stade nautique Eug\u00e8ne Ma\u00ebs,<\/li>\n<\/ul>\n\n\n\n<p><\/p>\n\n\n\n<ul class=\"wp-block-list\">\n<li><strong> Apn\u00e9e pour les apn\u00e9istes confirm\u00e9s (niveau apn\u00e9iste piscine minimum)<\/strong> le mercredi de 20h00 \u00e0<br \/>22h00 au stade nautique E. Ma\u00ebs.<\/li>\n<\/ul>\n\n\n\n<p><\/p>\n\n\n\n<p><\/p>\n\n\n\n<p>Si vous \u00eates s\u00fbr de votre d\u00e9cision, vous pouvez d\u00e9s maintenant nous envoyer votre inscription en suivant la proc\u00e9dure \u2192 <a href=\"http:\/\/www.suballigators.fr\/?page_id=870\">ici<\/a>&nbsp; \u2190<\/p>\n\n\n\n<p>Pour tous renseignements sur l\u2019activit\u00e9 apn\u00e9e, \u00e9crivez \u00e0 : <a href=\"mailto:suballigatorsapnee@gmail.com\"><strong>suballigatorsapnee@gmail.com<\/strong><\/a><\/p>\n","protected":false},"excerpt":{"rendered":"<p>\u00a0 La section apn\u00e9e vous accueille tous les Mardis \u00e0 partir du 9 septembre 2025 au stade nautique Eug\u00e8ne Ma\u00ebs de Caen de 20h \u00e0 22h. S\u00e9ances d&rsquo;initiation apn\u00e9e les 16 et 23 septembre. Inscription, voir page d&rsquo;accueil.\u00a0 Responsables de formation : Martial, Ronan, Nassim, Bruno. La formation Apn\u00e9e commence mi-septembre. Si vous \u00eates int\u00e9ress\u00e9, [&hellip;]<\/p>\n","protected":false},"author":4,"featured_media":0,"parent":0,"menu_order":0,"comment_status":"closed","ping_status":"closed","template":"","meta":{"footnotes":""},"class_list":["post-1571","page","type-page","status-publish","hentry"],"_links":{"self":[{"href":"http:\/\/www.suballigators.fr\/index.php?rest_route=\/wp\/v2\/pages\/1571","targetHints":{"allow":["GET"]}}],"collection":[{"href":"http:\/\/www.suballigators.fr\/index.php?rest_route=\/wp\/v2\/pages"}],"about":[{"href":"http:\/\/www.suballigators.fr\/index.php?rest_route=\/wp\/v2\/types\/page"}],"author":[{"embeddable":true,"href":"http:\/\/www.suballigators.fr\/index.php?rest_route=\/wp\/v2\/users\/4"}],"replies":[{"embeddable":true,"href":"http:\/\/www.suballigators.fr\/index.php?rest_route=%2Fwp%2Fv2%2Fcomments&post=1571"}],"version-history":[{"count":26,"href":"http:\/\/www.suballigators.fr\/index.php?rest_route=\/wp\/v2\/pages\/1571\/revisions"}],"predecessor-version":[{"id":2489,"href":"http:\/\/www.suballigators.fr\/index.php?rest_route=\/wp\/v2\/pages\/1571\/revisions\/2489"}],"wp:attachment":[{"href":"http:\/\/www.suballigators.fr\/index.php?rest_route=%2Fwp%2Fv2%2Fmedia&parent=1571"}],"curies":[{"name":"wp","href":"https:\/\/api.w.org\/{rel}","templated":true}]}}