{"id":1524,"date":"2018-09-20T14:54:06","date_gmt":"2018-09-20T12:54:06","guid":{"rendered":"http:\/\/www.suballigators.fr\/?page_id=1524"},"modified":"2025-08-04T16:32:09","modified_gmt":"2025-08-04T14:32:09","slug":"nage-groupe-nageurs-confirmes","status":"publish","type":"page","link":"http:\/\/www.suballigators.fr\/?page_id=1524","title":{"rendered":"Nage :  PMT du lundi et mercredi"},"content":{"rendered":"<p>Les nageurs PMT &#8211; Palmes Masque Tuba seront tous les lundis \u00e0 la piscine de la Gr\u00e2ce de Dieu (bassin couvert de 25 m) et les mercredis au stade nautique E. Ma\u00ebs (bassin ext\u00e9rieur de 50 m), de 20h45 \u00e0 22h00.<\/p>\n\n\n<p><\/p>\n","protected":false},"excerpt":{"rendered":"<p>Les nageurs PMT &#8211; Palmes Masque Tuba seront tous les lundis \u00e0 la piscine de la Gr\u00e2ce de Dieu (bassin couvert de 25 m) et les mercredis au stade nautique E. Ma\u00ebs (bassin ext\u00e9rieur de 50 m), de 20h45 \u00e0 22h00.<\/p>\n","protected":false},"author":4,"featured_media":0,"parent":0,"menu_order":0,"comment_status":"closed","ping_status":"closed","template":"","meta":{"footnotes":""},"class_list":["post-1524","page","type-page","status-publish","hentry"],"_links":{"self":[{"href":"http:\/\/www.suballigators.fr\/index.php?rest_route=\/wp\/v2\/pages\/1524","targetHints":{"allow":["GET"]}}],"collection":[{"href":"http:\/\/www.suballigators.fr\/index.php?rest_route=\/wp\/v2\/pages"}],"about":[{"href":"http:\/\/www.suballigators.fr\/index.php?rest_route=\/wp\/v2\/types\/page"}],"author":[{"embeddable":true,"href":"http:\/\/www.suballigators.fr\/index.php?rest_route=\/wp\/v2\/users\/4"}],"replies":[{"embeddable":true,"href":"http:\/\/www.suballigators.fr\/index.php?rest_route=%2Fwp%2Fv2%2Fcomments&post=1524"}],"version-history":[{"count":13,"href":"http:\/\/www.suballigators.fr\/index.php?rest_route=\/wp\/v2\/pages\/1524\/revisions"}],"predecessor-version":[{"id":2480,"href":"http:\/\/www.suballigators.fr\/index.php?rest_route=\/wp\/v2\/pages\/1524\/revisions\/2480"}],"wp:attachment":[{"href":"http:\/\/www.suballigators.fr\/index.php?rest_route=%2Fwp%2Fv2%2Fmedia&parent=1524"}],"curies":[{"name":"wp","href":"https:\/\/api.w.org\/{rel}","templated":true}]}}