{"id":1496,"date":"2018-08-18T00:24:05","date_gmt":"2018-08-17T22:24:05","guid":{"rendered":"http:\/\/www.suballigators.fr\/?page_id=1496"},"modified":"2025-07-14T18:49:13","modified_gmt":"2025-07-14T16:49:13","slug":"vie-du-club","status":"publish","type":"page","link":"http:\/\/www.suballigators.fr\/?page_id=1496","title":{"rendered":"Vie du club"},"content":{"rendered":"<h3>Vous souhaitez nous rejoindre pour une formation plong\u00e9e ou apn\u00e9e<\/h3>\n<h3>ou tout simplement vous entrainer en nage avec palme et entretenir votre forme.<\/h3>\n<h3>Vous souhaitez des informations ou vous inscrire, venez nous rejoindre dans le hall de la piscine E.Ma\u00ebs\u00a0 Bd Yves Guillou \u00e0 Caen, de 20H30 \u00e0 20H50 tous les mercredis \u00e0 partir du 10 septembre 2025.<\/h3>\n<h3>Pour valider votre inscription il vous faut les documents que vous trouverez <a href=\"http:\/\/www.suballigators.fr\/?page_id=870\">ici<\/a><\/h3>\n<h3><span style=\"color: #333399;\"><strong>Club Sub&rsquo;Alligators<\/strong><\/span><\/h3>\n<h3><span style=\"color: #3366ff;\">Si\u00e8ge social :<\/span><\/h3>\n<h3><span style=\"color: #3366ff;\"><strong>Le 1901 Maison des Associations<\/strong><\/span><\/h3>\n<h3><span style=\"color: #3366ff;\"><strong>8 \u00a0rue Germaine-Tillion<\/strong><\/span><\/h3>\n<h3><span style=\"color: #3366ff;\"><strong>14000\u00a0 CAEN<\/strong><\/span><\/h3>\n<h3>Vous pouvez nous ramener votre dossier le mercredi soir ou l&rsquo;envoyer par la poste \u00e0 l&rsquo;adresse ci-dessus.<\/h3>\n<p><strong>Attention, seuls les dossiers complets (fiche d&rsquo;inscription, certificat m\u00e9dical et ch\u00e8que) seront enregistr\u00e9s.<\/strong><\/p>\n<p>Si vous avez des questions \u00e0 poser \u00e9crivez \u00e0 <a href=\"mailto:suballigatorscaen@gmail.com\">suballigatorscaen@gmail.com<\/a><\/p>\n\n\n<figure class=\"wp-block-image size-large\"><img loading=\"lazy\" decoding=\"async\" width=\"244\" height=\"206\" src=\"http:\/\/www.suballigators.fr\/wp-content\/uploads\/2020\/09\/images.png\" alt=\"Avec notre partenaire\" class=\"wp-image-2034\"\/><\/figure>\n","protected":false},"excerpt":{"rendered":"<p>Vous souhaitez nous rejoindre pour une formation plong\u00e9e ou apn\u00e9e ou tout simplement vous entrainer en nage avec palme et entretenir votre forme. Vous souhaitez des informations ou vous inscrire, venez nous rejoindre dans le hall de la piscine E.Ma\u00ebs\u00a0 Bd Yves Guillou \u00e0 Caen, de 20H30 \u00e0 20H50 tous les mercredis \u00e0 partir du [&hellip;]<\/p>\n","protected":false},"author":4,"featured_media":0,"parent":0,"menu_order":0,"comment_status":"closed","ping_status":"closed","template":"","meta":{"footnotes":""},"class_list":["post-1496","page","type-page","status-publish","hentry"],"_links":{"self":[{"href":"http:\/\/www.suballigators.fr\/index.php?rest_route=\/wp\/v2\/pages\/1496","targetHints":{"allow":["GET"]}}],"collection":[{"href":"http:\/\/www.suballigators.fr\/index.php?rest_route=\/wp\/v2\/pages"}],"about":[{"href":"http:\/\/www.suballigators.fr\/index.php?rest_route=\/wp\/v2\/types\/page"}],"author":[{"embeddable":true,"href":"http:\/\/www.suballigators.fr\/index.php?rest_route=\/wp\/v2\/users\/4"}],"replies":[{"embeddable":true,"href":"http:\/\/www.suballigators.fr\/index.php?rest_route=%2Fwp%2Fv2%2Fcomments&post=1496"}],"version-history":[{"count":24,"href":"http:\/\/www.suballigators.fr\/index.php?rest_route=\/wp\/v2\/pages\/1496\/revisions"}],"predecessor-version":[{"id":2374,"href":"http:\/\/www.suballigators.fr\/index.php?rest_route=\/wp\/v2\/pages\/1496\/revisions\/2374"}],"wp:attachment":[{"href":"http:\/\/www.suballigators.fr\/index.php?rest_route=%2Fwp%2Fv2%2Fmedia&parent=1496"}],"curies":[{"name":"wp","href":"https:\/\/api.w.org\/{rel}","templated":true}]}}