{"id":11,"date":"2011-08-25T12:21:45","date_gmt":"2011-08-25T10:21:45","guid":{"rendered":"http:\/\/www.sheldon.fr\/wordpress\/?page_id=11"},"modified":"2025-07-14T18:59:33","modified_gmt":"2025-07-14T16:59:33","slug":"partenaires","status":"publish","type":"page","link":"http:\/\/www.suballigators.fr\/?page_id=11","title":{"rendered":"Partenaires"},"content":{"rendered":"<h1 style=\"text-align: center;\"><span style=\"color: #5a8ea5;\">Pour plonger dans les meilleures conditions, <\/span><\/h1>\n<h1 style=\"text-align: center;\"><span class=\"Apple-style-span\" style=\"color: #5a8ea5;\">quelques liens utiles&#8230;<\/span><\/h1>\n<p><em><span style=\"color: #5a8ea5;\"><a href=\"http:\/\/www.ffessm.fr\/\">FFESSM<\/a>\u00a0<\/span><\/em>: le site de LA FEDE, toutes les r\u00e9ponses \u00e0 vos questions sur la plong\u00e9e, consultation de votre dossier, \u00a0librairie sp\u00e9cialis\u00e9e en ligne.<\/p>\n<p><em><a href=\"http:\/\/www.ffessm-pays-normands.org\/j25\/\">Ligue des pays Normands<\/a><\/em><\/p>\n<p><a href=\"http:\/\/www.ffessm-codep14.fr\/\"><em>CODEP 14<\/em><\/a><\/p>\n<p><em><a href=\"https:\/\/gpscaen.fr\/\">G.P.S.<\/a> : Un club partenaire pour plonger au d\u00e9part de Couseulles.<\/em><\/p>\n<p><span style=\"color: #5a8ea5;\"><em><a href=\"http:\/\/www.arromanches-plongee.org\/planning-et-infos\/\" target=\"_blank\" rel=\"noopener noreferrer\"><span style=\"color: #5a8ea5;\">YCPWATP<\/span><\/a>\u00a0<\/em><\/span>: le club de plong\u00e9e d&rsquo;Arromanches, notre partenaire pour les sorties en mer.<\/p>\n<p><span style=\"color: #5a8ea5;\"><a href=\"http:\/\/asnelles-plongee-leo-lagrange.com\/\" target=\"_blank\" rel=\"noopener noreferrer\"><span style=\"color: #5a8ea5;\"><em>Asnelles<\/em>\u00a0Plong\u00e9e\u00a0<em>L\u00e9o Lagrange<\/em><\/span><\/a><\/span>\u00a0: Venez plonger sur les \u00e9paves du D\u00e9barquement. Nous vous accueillons toute l&rsquo;ann\u00e9e. Come &amp; dive on a D-day wreck.<\/p>\n<p><em><a href=\"https:\/\/www.normandeep.fr\/\">Normandeep <\/a><\/em>: magasin de plong\u00e9e pr\u00e8s de Port-en-Bessin<\/p>\n<p><span style=\"color: #5a8ea5;\"><em><a title=\"magasin de plong\u00e9e\" href=\"http:\/\/www.sbplongee.com\/\" target=\"_blank\" rel=\"noopener noreferrer\"><span style=\"color: #5a8ea5;\">sbplongee<\/span><\/a><\/em><\/span><span style=\"color: #000000;\">\u00a0:<\/span><span style=\"color: #5a8ea5;\"><span style=\"color: #000000;\"> vente mat\u00e9riel plong\u00e9e<\/span><\/span><\/p>\n<p><a href=\"http:\/\/www.previmer.org\/\"><em><span style=\"color: #5a8ea5;\"> previmer<\/span><\/em><\/a>\u00a0: pr\u00e9visions m\u00e9t\u00e9o marine, hauteur des vagues, sens des courants.<\/p>\n<p><em><span style=\"color: #5a8ea5;\"><a title=\"m\u00e9t\u00e9o marine\" href=\"http:\/\/www.meteofrance.fr\/\" target=\"_blank\" rel=\"noopener noreferrer\"><span style=\"color: #5a8ea5;\">meteofrance<\/span><\/a><\/span>\u00a0<\/em>: pr\u00e9visions m\u00e9t\u00e9o, m\u00e9t\u00e9o marine, sur la c\u00f4te, bulletins large et grand large.<\/p>\n<p><a href=\"http:\/\/www.shom.fr\/les-services-en-ligne\/predictions-de-maree\/predictions-en-ligne\/\"><em>SHOM<\/em> <\/a>: horaires des mar\u00e9es<\/p>\n<p><a href=\"http:\/\/www.winds-up.com\/index.php?p=spots&amp;id=24&amp;cat=webcam&amp;id_cam=24\"><em>Webcam de Ouistreham<\/em><\/a> : pour une m\u00e9t\u00e9o en temps r\u00e9el<\/p>\n<p><em><span style=\"color: #5a8ea5;\"><a title=\"magazine sp\u00e9cialis\u00e9 plong\u00e9e\" href=\"http:\/\/www.plongeursinternational.com\/\" target=\"_blank\" rel=\"noopener noreferrer\"><span style=\"color: #5a8ea5;\">plongeursinternational<\/span><\/a><\/span><\/em>\u00a0: magazine sp\u00e9cialis\u00e9<\/p>\n<p><img decoding=\"async\" src=\"http:\/\/www.suballigators.fr\/wp-content\/uploads\/2020\/09\/images.png\" \/><\/p>\n<p><span style=\"color: #5a8ea5;\"><em>\u00a0<\/em><\/span><\/p>\n","protected":false},"excerpt":{"rendered":"<p>Pour plonger dans les meilleures conditions, quelques liens utiles&#8230; FFESSM\u00a0: le site de LA FEDE, toutes les r\u00e9ponses \u00e0 vos questions sur la plong\u00e9e, consultation de votre dossier, \u00a0librairie sp\u00e9cialis\u00e9e en ligne. Ligue des pays Normands CODEP 14 G.P.S. : Un club partenaire pour plonger au d\u00e9part de Couseulles. YCPWATP\u00a0: le club de plong\u00e9e d&rsquo;Arromanches, [&hellip;]<\/p>\n","protected":false},"author":4,"featured_media":0,"parent":0,"menu_order":15,"comment_status":"closed","ping_status":"closed","template":"","meta":{"footnotes":""},"class_list":["post-11","page","type-page","status-publish","hentry"],"_links":{"self":[{"href":"http:\/\/www.suballigators.fr\/index.php?rest_route=\/wp\/v2\/pages\/11","targetHints":{"allow":["GET"]}}],"collection":[{"href":"http:\/\/www.suballigators.fr\/index.php?rest_route=\/wp\/v2\/pages"}],"about":[{"href":"http:\/\/www.suballigators.fr\/index.php?rest_route=\/wp\/v2\/types\/page"}],"author":[{"embeddable":true,"href":"http:\/\/www.suballigators.fr\/index.php?rest_route=\/wp\/v2\/users\/4"}],"replies":[{"embeddable":true,"href":"http:\/\/www.suballigators.fr\/index.php?rest_route=%2Fwp%2Fv2%2Fcomments&post=11"}],"version-history":[{"count":24,"href":"http:\/\/www.suballigators.fr\/index.php?rest_route=\/wp\/v2\/pages\/11\/revisions"}],"predecessor-version":[{"id":2382,"href":"http:\/\/www.suballigators.fr\/index.php?rest_route=\/wp\/v2\/pages\/11\/revisions\/2382"}],"wp:attachment":[{"href":"http:\/\/www.suballigators.fr\/index.php?rest_route=%2Fwp%2Fv2%2Fmedia&parent=11"}],"curies":[{"name":"wp","href":"https:\/\/api.w.org\/{rel}","templated":true}]}}